{"id":1770,"date":"2024-07-26T10:31:46","date_gmt":"2024-07-26T10:31:46","guid":{"rendered":"https:\/\/packafrica.org\/?page_id=1770"},"modified":"2024-09-03T09:25:57","modified_gmt":"2024-09-03T09:25:57","slug":"contact","status":"publish","type":"page","link":"https:\/\/packafrica.org\/fr\/contact\/","title":{"rendered":"Contact"},"content":{"rendered":"\t\t<div data-elementor-type=\"wp-page\" data-elementor-id=\"1770\" class=\"elementor elementor-1770\" data-elementor-post-type=\"page\">\n\t\t\t\t\t\t<section class=\"elementor-section elementor-top-section elementor-element elementor-element-a0ccaac elementor-section-boxed elementor-section-height-default elementor-section-height-default\" data-id=\"a0ccaac\" data-element_type=\"section\" data-e-type=\"section\" data-settings=\"{&quot;background_background&quot;:&quot;classic&quot;}\">\n\t\t\t\t\t\t\t<div class=\"elementor-background-overlay\"><\/div>\n\t\t\t\t\t\t\t<div class=\"elementor-container elementor-column-gap-default\">\n\t\t\t\t\t<div class=\"elementor-column elementor-col-100 elementor-top-column elementor-element elementor-element-c63c80c\" data-id=\"c63c80c\" data-element_type=\"column\" data-e-type=\"column\" data-settings=\"{&quot;animation&quot;:&quot;none&quot;}\">\n\t\t\t<div class=\"elementor-widget-wrap elementor-element-populated\">\n\t\t\t\t\t\t<div class=\"elementor-element elementor-element-7aee763 elementor-widget elementor-widget-heading\" data-id=\"7aee763\" data-element_type=\"widget\" data-e-type=\"widget\" data-widget_type=\"heading.default\">\n\t\t\t\t<div class=\"elementor-widget-container\">\n\t\t\t\t\t<h1 class=\"elementor-heading-title elementor-size-default\">Contact<\/h1>\t\t\t\t<\/div>\n\t\t\t\t<\/div>\n\t\t\t\t<div class=\"elementor-element elementor-element-cf37411 elementor-widget__width-initial animated-fast elementor-invisible elementor-widget elementor-widget-text-editor\" data-id=\"cf37411\" data-element_type=\"widget\" data-e-type=\"widget\" data-settings=\"{&quot;_animation&quot;:&quot;fadeInDown&quot;}\" data-widget_type=\"text-editor.default\">\n\t\t\t\t<div class=\"elementor-widget-container\">\n\t\t\t\t\t\t\t\t\t<p>We promise to get back to you within 48 hours of your request.<\/p>\t\t\t\t\t\t\t\t<\/div>\n\t\t\t\t<\/div>\n\t\t\t\t\t<\/div>\n\t\t<\/div>\n\t\t\t\t\t<\/div>\n\t\t<\/section>\n\t\t<div class=\"elementor-element elementor-element-135d78db e-flex e-con-boxed e-con e-parent\" data-id=\"135d78db\" data-element_type=\"container\" data-e-type=\"container\" data-settings=\"{&quot;background_background&quot;:&quot;classic&quot;}\">\n\t\t\t\t\t<div class=\"e-con-inner\">\n\t\t\t\t<div class=\"elementor-element elementor-element-53dc1554 elementor-widget elementor-widget-heading\" data-id=\"53dc1554\" data-element_type=\"widget\" data-e-type=\"widget\" data-widget_type=\"heading.default\">\n\t\t\t\t<div class=\"elementor-widget-container\">\n\t\t\t\t\t<h4 class=\"elementor-heading-title elementor-size-default\">Get in touch with us<\/h4>\t\t\t\t<\/div>\n\t\t\t\t<\/div>\n\t\t\t\t<div class=\"elementor-element elementor-element-8658353 elementor-widget__width-initial elementor-widget elementor-widget-text-editor\" data-id=\"8658353\" data-element_type=\"widget\" data-e-type=\"widget\" data-widget_type=\"text-editor.default\">\n\t\t\t\t<div class=\"elementor-widget-container\">\n\t\t\t\t\t\t\t\t\t<p>Please fill in the form below or contact us directly by email or telephone.<\/p>\t\t\t\t\t\t\t\t<\/div>\n\t\t\t\t<\/div>\n\t\t\t\t<div class=\"elementor-element elementor-element-42cccdfe elementor-widget elementor-widget-spacer\" data-id=\"42cccdfe\" data-element_type=\"widget\" data-e-type=\"widget\" data-widget_type=\"spacer.default\">\n\t\t\t\t<div class=\"elementor-widget-container\">\n\t\t\t\t\t\t\t<div class=\"elementor-spacer\">\n\t\t\t<div class=\"elementor-spacer-inner\"><\/div>\n\t\t<\/div>\n\t\t\t\t\t\t<\/div>\n\t\t\t\t<\/div>\n\t\t<div class=\"elementor-element elementor-element-3557c620 e-flex e-con-boxed e-con e-child\" data-id=\"3557c620\" data-element_type=\"container\" data-e-type=\"container\">\n\t\t\t\t\t<div class=\"e-con-inner\">\n\t\t\t\t<div class=\"elementor-element elementor-element-6789b2a elementor-view-stacked elementor-position-inline-start icon-box-left elementor-shape-circle elementor-mobile-position-block-start elementor-widget elementor-widget-icon-box\" data-id=\"6789b2a\" data-element_type=\"widget\" data-e-type=\"widget\" data-widget_type=\"icon-box.default\">\n\t\t\t\t<div class=\"elementor-widget-container\">\n\t\t\t\t\t\t\t<div class=\"elementor-icon-box-wrapper\">\n\n\t\t\t\t\t\t<div class=\"elementor-icon-box-icon\">\n\t\t\t\t<a href=\"mailto:contact@example.com\" class=\"elementor-icon\" tabindex=\"-1\" aria-label=\" Email Address\">\n\t\t\t\t<i aria-hidden=\"true\" class=\" las la-envelope-open\"><\/i>\t\t\t\t<\/a>\n\t\t\t<\/div>\n\t\t\t\n\t\t\t\t\t\t<div class=\"elementor-icon-box-content\">\n\n\t\t\t\t\t\t\t\t\t<h3 class=\"elementor-icon-box-title\">\n\t\t\t\t\t\t<a href=\"mailto:contact@example.com\" >\n\t\t\t\t\t\t\t Email Address\t\t\t\t\t\t<\/a>\n\t\t\t\t\t<\/h3>\n\t\t\t\t\n\t\t\t\t\t\t\t\t\t<p class=\"elementor-icon-box-description\">\n\t\t\t\t\t\t<a class=\"text-dark\" href=\"mailto:packafrica@interprogress.org\">\n     packafrica@interprogress.org \n<\/a>\n\t\t\t\t\t<\/p>\n\t\t\t\t\n\t\t\t<\/div>\n\t\t\t\n\t\t<\/div>\n\t\t\t\t\t\t<\/div>\n\t\t\t\t<\/div>\n\t\t\t\t<div class=\"elementor-element elementor-element-01ef780 elementor-view-stacked elementor-position-inline-start icon-box-left elementor-shape-circle elementor-mobile-position-block-start elementor-widget elementor-widget-icon-box\" data-id=\"01ef780\" data-element_type=\"widget\" data-e-type=\"widget\" data-widget_type=\"icon-box.default\">\n\t\t\t\t<div class=\"elementor-widget-container\">\n\t\t\t\t\t\t\t<div class=\"elementor-icon-box-wrapper\">\n\n\t\t\t\t\t\t<div class=\"elementor-icon-box-icon\">\n\t\t\t\t<span  class=\"elementor-icon\">\n\t\t\t\t<i aria-hidden=\"true\" class=\" las la-phone-alt\"><\/i>\t\t\t\t<\/span>\n\t\t\t<\/div>\n\t\t\t\n\t\t\t\t\t\t<div class=\"elementor-icon-box-content\">\n\n\t\t\t\t\t\t\t\t\t<h3 class=\"elementor-icon-box-title\">\n\t\t\t\t\t\t<span  >\n\t\t\t\t\t\t\tPhone\t\t\t\t\t\t<\/span>\n\t\t\t\t\t<\/h3>\n\t\t\t\t\n\t\t\t\t\t\t\t\t\t<p class=\"elementor-icon-box-description\">\n\t\t\t\t\t\t + 237 620 21 17 16 <br>+ 237 677 70 76 79\n\t\t\t\t\t<\/p>\n\t\t\t\t\n\t\t\t<\/div>\n\t\t\t\n\t\t<\/div>\n\t\t\t\t\t\t<\/div>\n\t\t\t\t<\/div>\n\t\t\t\t\t<\/div>\n\t\t\t\t<\/div>\n\t\t\t\t<div class=\"elementor-element elementor-element-748b8ee0 elementor-button-align-center elementor-widget elementor-widget-form\" data-id=\"748b8ee0\" data-element_type=\"widget\" data-e-type=\"widget\" data-settings=\"{&quot;step_next_label&quot;:&quot;Next&quot;,&quot;step_previous_label&quot;:&quot;Previous&quot;,&quot;button_width&quot;:&quot;100&quot;,&quot;step_type&quot;:&quot;number_text&quot;,&quot;step_icon_shape&quot;:&quot;circle&quot;}\" data-widget_type=\"form.default\">\n\t\t\t\t<div class=\"elementor-widget-container\">\n\t\t\t\t\t\t\t<form class=\"elementor-form\" method=\"post\" name=\"New Form\" aria-label=\"New Form\">\n\t\t\t<input type=\"hidden\" name=\"post_id\" value=\"1770\"\/>\n\t\t\t<input type=\"hidden\" name=\"form_id\" value=\"748b8ee0\"\/>\n\t\t\t<input type=\"hidden\" name=\"referer_title\" value=\"Contact - PACKAFRICA\" \/>\n\n\t\t\t\t\t\t\t<input type=\"hidden\" name=\"queried_id\" value=\"1770\"\/>\n\t\t\t\n\t\t\t<div class=\"elementor-form-fields-wrapper elementor-labels-\">\n\t\t\t\t\t\t\t\t<div class=\"elementor-field-type-text elementor-field-group elementor-column elementor-field-group-name elementor-col-50\">\n\t\t\t\t\t\t\t\t\t\t\t\t<label for=\"form-field-name\" class=\"elementor-field-label elementor-screen-only\">\n\t\t\t\t\t\t\t\tName\t\t\t\t\t\t\t<\/label>\n\t\t\t\t\t\t\t\t\t\t\t\t\t\t<input size=\"1\" type=\"text\" name=\"form_fields[name]\" id=\"form-field-name\" class=\"elementor-field elementor-size-md  elementor-field-textual\" placeholder=\"Name*\">\n\t\t\t\t\t\t\t\t\t\t\t<\/div>\n\t\t\t\t\t\t\t\t<div class=\"elementor-field-type-email elementor-field-group elementor-column elementor-field-group-email elementor-col-50 elementor-field-required\">\n\t\t\t\t\t\t\t\t\t\t\t\t<label for=\"form-field-email\" class=\"elementor-field-label elementor-screen-only\">\n\t\t\t\t\t\t\t\tEmail\t\t\t\t\t\t\t<\/label>\n\t\t\t\t\t\t\t\t\t\t\t\t\t\t<input size=\"1\" type=\"email\" name=\"form_fields[email]\" id=\"form-field-email\" class=\"elementor-field elementor-size-md  elementor-field-textual\" placeholder=\"Email*\" required=\"required\">\n\t\t\t\t\t\t\t\t\t\t\t<\/div>\n\t\t\t\t\t\t\t\t<div class=\"elementor-field-type-tel elementor-field-group elementor-column elementor-field-group-field_220812d elementor-col-50\">\n\t\t\t\t\t\t\t\t\t\t\t\t<label for=\"form-field-field_220812d\" class=\"elementor-field-label elementor-screen-only\">\n\t\t\t\t\t\t\t\tPhone\t\t\t\t\t\t\t<\/label>\n\t\t\t\t\t\t\t\t<input size=\"1\" type=\"tel\" name=\"form_fields[field_220812d]\" id=\"form-field-field_220812d\" class=\"elementor-field elementor-size-md  elementor-field-textual\" placeholder=\"Phone\" pattern=\"[0-9()#&amp;+*-=.]+\" title=\"Seuls les chiffres et les caract\u00e8res t\u00e9l\u00e9phoniques (#, -, *, etc.) sont accept\u00e9s.\">\n\n\t\t\t\t\t\t<\/div>\n\t\t\t\t\t\t\t\t<div class=\"elementor-field-type-text elementor-field-group elementor-column elementor-field-group-field_39b4097 elementor-col-50\">\n\t\t\t\t\t\t\t\t\t\t\t\t<label for=\"form-field-field_39b4097\" class=\"elementor-field-label elementor-screen-only\">\n\t\t\t\t\t\t\t\tSubject\t\t\t\t\t\t\t<\/label>\n\t\t\t\t\t\t\t\t\t\t\t\t\t\t<input size=\"1\" type=\"text\" name=\"form_fields[field_39b4097]\" id=\"form-field-field_39b4097\" class=\"elementor-field elementor-size-md  elementor-field-textual\" placeholder=\"Subject\">\n\t\t\t\t\t\t\t\t\t\t\t<\/div>\n\t\t\t\t\t\t\t\t<div class=\"elementor-field-type-textarea elementor-field-group elementor-column elementor-field-group-message elementor-col-100\">\n\t\t\t\t\t\t\t\t\t\t\t\t<label for=\"form-field-message\" class=\"elementor-field-label elementor-screen-only\">\n\t\t\t\t\t\t\t\tMessage\t\t\t\t\t\t\t<\/label>\n\t\t\t\t\t\t<textarea class=\"elementor-field-textual elementor-field  elementor-size-md\" name=\"form_fields[message]\" id=\"form-field-message\" rows=\"4\" placeholder=\"Message\"><\/textarea>\t\t\t\t<\/div>\n\t\t\t\t\t\t\t\t<div class=\"elementor-field-group elementor-column elementor-field-type-submit elementor-col-100 e-form__buttons\">\n\t\t\t\t\t<button class=\"elementor-button elementor-size-md\" type=\"submit\">\n\t\t\t\t\t\t<span class=\"elementor-button-content-wrapper\">\n\t\t\t\t\t\t\t\t\t\t\t\t\t\t\t\t\t\t\t\t\t\t<span class=\"elementor-button-text\">Send your message<\/span>\n\t\t\t\t\t\t\t\t\t\t\t\t\t<\/span>\n\t\t\t\t\t<\/button>\n\t\t\t\t<\/div>\n\t\t\t<\/div>\n\t\t<\/form>\n\t\t\t\t\t\t<\/div>\n\t\t\t\t<\/div>\n\t\t\t\t\t<\/div>\n\t\t\t\t<\/div>\n\t\t<div class=\"elementor-element elementor-element-1df213c2 e-con-full e-flex e-con e-parent\" data-id=\"1df213c2\" data-element_type=\"container\" data-e-type=\"container\">\n\t\t\t\t<div class=\"elementor-element elementor-element-6ed505a4 elementor-widget elementor-widget-google_maps\" data-id=\"6ed505a4\" data-element_type=\"widget\" data-e-type=\"widget\" data-widget_type=\"google_maps.default\">\n\t\t\t\t<div class=\"elementor-widget-container\">\n\t\t\t\t\t\t\t<div class=\"elementor-custom-embed\">\n\t\t\t<iframe loading=\"lazy\"\n\t\t\t\t\tsrc=\"https:\/\/maps.google.com\/maps?q=INTERNATIONAL%20FOUNDATION%20INTER-PROGRESS&#038;t=m&#038;z=15&#038;output=embed&#038;iwloc=near\"\n\t\t\t\t\ttitle=\"INTERNATIONAL FOUNDATION INTER-PROGRESS\"\n\t\t\t\t\taria-label=\"INTERNATIONAL FOUNDATION INTER-PROGRESS\"\n\t\t\t><\/iframe>\n\t\t<\/div>\n\t\t\t\t\t\t<\/div>\n\t\t\t\t<\/div>\n\t\t\t\t<\/div>\n\t\t\t\t<\/div>\n\t\t","protected":false},"excerpt":{"rendered":"<p>We promise to get back to you within 48 hours of your request. Get in touch with us Please fill in the form below or contact us directly by email [&hellip;]<\/p>\n","protected":false},"author":2,"featured_media":0,"parent":0,"menu_order":0,"comment_status":"closed","ping_status":"closed","template":"elementor_header_footer","meta":{"footnotes":""},"class_list":["post-1770","page","type-page","status-publish","hentry"],"yoast_head":"<!-- This site is optimized with the Yoast SEO plugin v27.1.1 - https:\/\/yoast.com\/product\/yoast-seo-wordpress\/ -->\n<title>Contact - PACKAFRICA<\/title>\n<meta name=\"robots\" content=\"index, follow, max-snippet:-1, max-image-preview:large, max-video-preview:-1\" \/>\n<link rel=\"canonical\" href=\"https:\/\/packafrica.org\/fr\/contact\/\" \/>\n<meta property=\"og:locale\" content=\"fr_FR\" \/>\n<meta property=\"og:type\" content=\"article\" \/>\n<meta property=\"og:title\" content=\"Contact - PACKAFRICA\" \/>\n<meta property=\"og:description\" content=\"We promise to get back to you within 48 hours of your request. Get in touch with us Please fill in the form below or contact us directly by email [&hellip;]\" \/>\n<meta property=\"og:url\" content=\"https:\/\/packafrica.org\/fr\/contact\/\" \/>\n<meta property=\"og:site_name\" content=\"PACKAFRICA\" \/>\n<meta property=\"article:publisher\" content=\"https:\/\/web.facebook.com\/PackAfrica2025\/?_rdc=1&amp;_rdr\" \/>\n<meta property=\"article:modified_time\" content=\"2024-09-03T09:25:57+00:00\" \/>\n<meta property=\"og:image\" content=\"https:\/\/packafrica.org\/wp-content\/uploads\/2024\/08\/WhatsApp-Image-2024-08-27-a-20.00.38_49638537.webp\" \/>\n\t<meta property=\"og:image:width\" content=\"794\" \/>\n\t<meta property=\"og:image:height\" content=\"1123\" \/>\n\t<meta property=\"og:image:type\" content=\"image\/webp\" \/>\n<meta name=\"twitter:card\" content=\"summary_large_image\" \/>\n<meta name=\"twitter:site\" content=\"@PackAfrica237\" \/>\n<script type=\"application\/ld+json\" class=\"yoast-schema-graph\">{\"@context\":\"https:\/\/schema.org\",\"@graph\":[{\"@type\":\"WebPage\",\"@id\":\"https:\/\/packafrica.org\/contact\/\",\"url\":\"https:\/\/packafrica.org\/contact\/\",\"name\":\"Contact - PACKAFRICA\",\"isPartOf\":{\"@id\":\"https:\/\/packafrica.org\/#website\"},\"datePublished\":\"2024-07-26T10:31:46+00:00\",\"dateModified\":\"2024-09-03T09:25:57+00:00\",\"breadcrumb\":{\"@id\":\"https:\/\/packafrica.org\/contact\/#breadcrumb\"},\"inLanguage\":\"fr-FR\",\"potentialAction\":[{\"@type\":\"ReadAction\",\"target\":[\"https:\/\/packafrica.org\/contact\/\"]}]},{\"@type\":\"BreadcrumbList\",\"@id\":\"https:\/\/packafrica.org\/contact\/#breadcrumb\",\"itemListElement\":[{\"@type\":\"ListItem\",\"position\":1,\"name\":\"Accueil\",\"item\":\"https:\/\/packafrica.org\/\"},{\"@type\":\"ListItem\",\"position\":2,\"name\":\"Contact\"}]},{\"@type\":\"WebSite\",\"@id\":\"https:\/\/packafrica.org\/#website\",\"url\":\"https:\/\/packafrica.org\/\",\"name\":\"PACKAFRICA\",\"description\":\"INTERNATIONAL TRADE SHOW FOR PACKAGING, LOGISTICS AND TRANSPORT PROFESSIONALS\",\"publisher\":{\"@id\":\"https:\/\/packafrica.org\/#organization\"},\"potentialAction\":[{\"@type\":\"SearchAction\",\"target\":{\"@type\":\"EntryPoint\",\"urlTemplate\":\"https:\/\/packafrica.org\/?s={search_term_string}\"},\"query-input\":{\"@type\":\"PropertyValueSpecification\",\"valueRequired\":true,\"valueName\":\"search_term_string\"}}],\"inLanguage\":\"fr-FR\"},{\"@type\":\"Organization\",\"@id\":\"https:\/\/packafrica.org\/#organization\",\"name\":\"PACKAFRICA\",\"url\":\"https:\/\/packafrica.org\/\",\"logo\":{\"@type\":\"ImageObject\",\"inLanguage\":\"fr-FR\",\"@id\":\"https:\/\/packafrica.org\/#\/schema\/logo\/image\/\",\"url\":\"https:\/\/packafrica.org\/wp-content\/uploads\/2024\/07\/logo-PACK-AFRICA-revise.png\",\"contentUrl\":\"https:\/\/packafrica.org\/wp-content\/uploads\/2024\/07\/logo-PACK-AFRICA-revise.png\",\"width\":3048,\"height\":3048,\"caption\":\"PACKAFRICA\"},\"image\":{\"@id\":\"https:\/\/packafrica.org\/#\/schema\/logo\/image\/\"},\"sameAs\":[\"https:\/\/web.facebook.com\/PackAfrica2025\/?_rdc=1&_rdr\",\"https:\/\/x.com\/PackAfrica237\",\"https:\/\/www.linkedin.com\/in\/packafrica-cameroun-aa4238320\/\"]}]}<\/script>\n<!-- \/ Yoast SEO plugin. -->","yoast_head_json":{"title":"Contact - PACKAFRICA","robots":{"index":"index","follow":"follow","max-snippet":"max-snippet:-1","max-image-preview":"max-image-preview:large","max-video-preview":"max-video-preview:-1"},"canonical":"https:\/\/packafrica.org\/fr\/contact\/","og_locale":"fr_FR","og_type":"article","og_title":"Contact - PACKAFRICA","og_description":"We promise to get back to you within 48 hours of your request. Get in touch with us Please fill in the form below or contact us directly by email [&hellip;]","og_url":"https:\/\/packafrica.org\/fr\/contact\/","og_site_name":"PACKAFRICA","article_publisher":"https:\/\/web.facebook.com\/PackAfrica2025\/?_rdc=1&_rdr","article_modified_time":"2024-09-03T09:25:57+00:00","og_image":[{"width":794,"height":1123,"url":"https:\/\/packafrica.org\/wp-content\/uploads\/2024\/08\/WhatsApp-Image-2024-08-27-a-20.00.38_49638537.webp","type":"image\/webp"}],"twitter_card":"summary_large_image","twitter_site":"@PackAfrica237","schema":{"@context":"https:\/\/schema.org","@graph":[{"@type":"WebPage","@id":"https:\/\/packafrica.org\/contact\/","url":"https:\/\/packafrica.org\/contact\/","name":"Contact - PACKAFRICA","isPartOf":{"@id":"https:\/\/packafrica.org\/#website"},"datePublished":"2024-07-26T10:31:46+00:00","dateModified":"2024-09-03T09:25:57+00:00","breadcrumb":{"@id":"https:\/\/packafrica.org\/contact\/#breadcrumb"},"inLanguage":"fr-FR","potentialAction":[{"@type":"ReadAction","target":["https:\/\/packafrica.org\/contact\/"]}]},{"@type":"BreadcrumbList","@id":"https:\/\/packafrica.org\/contact\/#breadcrumb","itemListElement":[{"@type":"ListItem","position":1,"name":"Accueil","item":"https:\/\/packafrica.org\/"},{"@type":"ListItem","position":2,"name":"Contact"}]},{"@type":"WebSite","@id":"https:\/\/packafrica.org\/#website","url":"https:\/\/packafrica.org\/","name":"PACKAFRICA","description":"INTERNATIONAL TRADE SHOW FOR PACKAGING, LOGISTICS AND TRANSPORT PROFESSIONALS","publisher":{"@id":"https:\/\/packafrica.org\/#organization"},"potentialAction":[{"@type":"SearchAction","target":{"@type":"EntryPoint","urlTemplate":"https:\/\/packafrica.org\/?s={search_term_string}"},"query-input":{"@type":"PropertyValueSpecification","valueRequired":true,"valueName":"search_term_string"}}],"inLanguage":"fr-FR"},{"@type":"Organization","@id":"https:\/\/packafrica.org\/#organization","name":"PACKAFRICA","url":"https:\/\/packafrica.org\/","logo":{"@type":"ImageObject","inLanguage":"fr-FR","@id":"https:\/\/packafrica.org\/#\/schema\/logo\/image\/","url":"https:\/\/packafrica.org\/wp-content\/uploads\/2024\/07\/logo-PACK-AFRICA-revise.png","contentUrl":"https:\/\/packafrica.org\/wp-content\/uploads\/2024\/07\/logo-PACK-AFRICA-revise.png","width":3048,"height":3048,"caption":"PACKAFRICA"},"image":{"@id":"https:\/\/packafrica.org\/#\/schema\/logo\/image\/"},"sameAs":["https:\/\/web.facebook.com\/PackAfrica2025\/?_rdc=1&_rdr","https:\/\/x.com\/PackAfrica237","https:\/\/www.linkedin.com\/in\/packafrica-cameroun-aa4238320\/"]}]}},"_links":{"self":[{"href":"https:\/\/packafrica.org\/fr\/wp-json\/wp\/v2\/pages\/1770","targetHints":{"allow":["GET"]}}],"collection":[{"href":"https:\/\/packafrica.org\/fr\/wp-json\/wp\/v2\/pages"}],"about":[{"href":"https:\/\/packafrica.org\/fr\/wp-json\/wp\/v2\/types\/page"}],"author":[{"embeddable":true,"href":"https:\/\/packafrica.org\/fr\/wp-json\/wp\/v2\/users\/2"}],"replies":[{"embeddable":true,"href":"https:\/\/packafrica.org\/fr\/wp-json\/wp\/v2\/comments?post=1770"}],"version-history":[{"count":0,"href":"https:\/\/packafrica.org\/fr\/wp-json\/wp\/v2\/pages\/1770\/revisions"}],"wp:attachment":[{"href":"https:\/\/packafrica.org\/fr\/wp-json\/wp\/v2\/media?parent=1770"}],"curies":[{"name":"wp","href":"https:\/\/api.w.org\/{rel}","templated":true}]}}